{"id":9073,"date":"2026-02-21T21:51:56","date_gmt":"2026-02-21T20:51:56","guid":{"rendered":"https:\/\/mocroonline.nl\/?page_id=9073"},"modified":"2026-03-05T20:54:32","modified_gmt":"2026-03-05T19:54:32","slug":"reparatie","status":"publish","type":"page","link":"https:\/\/mocroonline.nl\/en\/reparatie\/","title":{"rendered":"Reparatie"},"content":{"rendered":"<div data-elementor-type=\"wp-page\" data-elementor-id=\"9073\" class=\"elementor elementor-9073\">\n\t\t\t\t<div class=\"elementor-element elementor-element-53dbbbb e-flex e-con-boxed e-con e-parent\" data-id=\"53dbbbb\" data-element_type=\"container\" data-e-type=\"container\">\n\t\t\t\t\t<div class=\"e-con-inner\">\n\t\t\t\t<div class=\"elementor-element elementor-element-ef5859e elementor-widget elementor-widget-text-editor\" data-id=\"ef5859e\" data-element_type=\"widget\" data-e-type=\"widget\" data-widget_type=\"text-editor.default\">\n\t\t\t\t<div class=\"elementor-widget-container\">\n\t\t\t\t\t\t\t\t\t<div>Op deze Reparatie pagina, vind je contactinformatie voor alle soorten reparaties die je van nut kunnen zijn, zoals reparatie voor je telefoon, auto, scooter, fatbike, wasmachine, televisie, schotel satelliet zenders etc&#8230;<\/div><div>\u00a0<\/div><div>De Reparatie pagina is nog niet helemaal gevuld, kom gerust weer terug om de update te bekijken, houd onze site in de gaten.<\/div>\t\t\t\t\t\t\t\t<\/div>\n\t\t\t\t<\/div>\n\t\t\t\t\t<\/div>\n\t\t\t\t<\/div>\n\t\t<div class=\"elementor-element elementor-element-143c8817 e-grid e-con-boxed e-con e-parent\" data-id=\"143c8817\" data-element_type=\"container\" data-e-type=\"container\">\n\t\t\t\t\t<div class=\"e-con-inner\">\n\t\t\t\t<div class=\"elementor-element elementor-element-1af0784a elementor-widget elementor-widget-image\" data-id=\"1af0784a\" data-element_type=\"widget\" data-e-type=\"widget\" data-widget_type=\"image.default\">\n\t\t\t\t<div class=\"elementor-widget-container\">\n\t\t\t\t\t\t\t\t\t\t\t\t<figure class=\"wp-caption\">\n\t\t\t\t\t\t\t\t\t\t\t<a href=\"https:\/\/mocroonline.nl\/en\/telefoon-reparatie\/\">\n\t\t\t\t\t\t\t<img decoding=\"async\" src=\"https:\/\/mocroonline.nl\/wp-content\/uploads\/elementor\/thumbs\/download-29-rjn4escxuf7wm1l2pwnsrfjiuo3qbffagmvsj3fh5s.jpg\" title=\"download (29)\" alt=\"download (29)\" loading=\"lazy\" \/>\t\t\t\t\t\t\t\t<\/a>\n\t\t\t\t\t\t\t\t\t\t\t<figcaption class=\"widget-image-caption wp-caption-text\">TELEFOON REPARATIE<\/figcaption>\n\t\t\t\t\t\t\t\t\t\t<\/figure>\n\t\t\t\t\t\t\t\t\t<\/div>\n\t\t\t\t<\/div>\n\t\t\t\t<div class=\"elementor-element elementor-element-ac77b10 elementor-widget elementor-widget-image\" data-id=\"ac77b10\" data-element_type=\"widget\" data-e-type=\"widget\" data-widget_type=\"image.default\">\n\t\t\t\t<div class=\"elementor-widget-container\">\n\t\t\t\t\t\t\t\t\t\t\t\t<figure class=\"wp-caption\">\n\t\t\t\t\t\t\t\t\t\t\t<a href=\"https:\/\/mocroonline.nl\/en\/witgoed-reparaties\/\">\n\t\t\t\t\t\t\t<img decoding=\"async\" src=\"https:\/\/mocroonline.nl\/wp-content\/uploads\/elementor\/thumbs\/Pia-Nieto-experta-en-limpieza_-_Para-limpiar-bien-la-lavadora-por-dentro-pongo-un-programa-a-60-grados-y-en-el-cajetin-anado-dos-vasos-de-vinagre-y-dos-de-bicarbonato_-rk2om0tqyyn6wvju8b02vat12yd9e3y7v6k0wd9oyo.jpg\" title=\"P\u00eda Nieto, experta en limpieza_ _Para limpiar bien la lavadora por dentro, pongo un programa a 60 grados y en el cajet\u00edn a\u00f1ado dos vasos de vinagre y dos de bicarbonato_\" alt=\"P\u00eda Nieto, experta en limpieza_ _Para limpiar bien la lavadora por dentro, pongo un programa a 60 grados y en el cajet\u00edn a\u00f1ado dos vasos de vinagre y dos de bicarbonato_\" loading=\"lazy\" \/>\t\t\t\t\t\t\t\t<\/a>\n\t\t\t\t\t\t\t\t\t\t\t<figcaption class=\"widget-image-caption wp-caption-text\">WITGOED REPARATIE<\/figcaption>\n\t\t\t\t\t\t\t\t\t\t<\/figure>\n\t\t\t\t\t\t\t\t\t<\/div>\n\t\t\t\t<\/div>\n\t\t\t\t<div class=\"elementor-element elementor-element-6e76076 elementor-widget elementor-widget-image\" data-id=\"6e76076\" data-element_type=\"widget\" data-e-type=\"widget\" data-widget_type=\"image.default\">\n\t\t\t\t<div class=\"elementor-widget-container\">\n\t\t\t\t\t\t\t\t\t\t\t\t<figure class=\"wp-caption\">\n\t\t\t\t\t\t\t\t\t\t\t<a href=\"https:\/\/mocroonline.nl\/en\/elektronica-reparatie\/\">\n\t\t\t\t\t\t\t<img decoding=\"async\" src=\"https:\/\/mocroonline.nl\/wp-content\/uploads\/elementor\/thumbs\/5-Common-PCB-Assembly-Tests-Every-Engineer-Should-Know-rk2qcj3dgc7mzcr78boxoiyj7e9z9i3mgkcfssl76o.jpg\" title=\"5 Common PCB Assembly Tests Every Engineer Should Know\" alt=\"5 Common PCB Assembly Tests Every Engineer Should Know\" loading=\"lazy\" \/>\t\t\t\t\t\t\t\t<\/a>\n\t\t\t\t\t\t\t\t\t\t\t<figcaption class=\"widget-image-caption wp-caption-text\">ELEKTRONICA REPARATIE<\/figcaption>\n\t\t\t\t\t\t\t\t\t\t<\/figure>\n\t\t\t\t\t\t\t\t\t<\/div>\n\t\t\t\t<\/div>\n\t\t\t\t<div class=\"elementor-element elementor-element-ddeef88 elementor-widget elementor-widget-image\" data-id=\"ddeef88\" data-element_type=\"widget\" data-e-type=\"widget\" data-widget_type=\"image.default\">\n\t\t\t\t<div class=\"elementor-widget-container\">\n\t\t\t\t\t\t\t\t\t\t\t\t<figure class=\"wp-caption\">\n\t\t\t\t\t\t\t\t\t\t\t<a href=\"https:\/\/mocroonline.nl\/en\/auto-reparatie\/\">\n\t\t\t\t\t\t\t<img decoding=\"async\" src=\"https:\/\/mocroonline.nl\/wp-content\/uploads\/elementor\/thumbs\/download-5-rk2r16f0nxybf8ybaz8r2b1nz4sh3ry8ik6su01k0w.jpg\" title=\"download (5)\" alt=\"download (5)\" loading=\"lazy\" \/>\t\t\t\t\t\t\t\t<\/a>\n\t\t\t\t\t\t\t\t\t\t\t<figcaption class=\"widget-image-caption wp-caption-text\">AUTO REPARATIE<\/figcaption>\n\t\t\t\t\t\t\t\t\t\t<\/figure>\n\t\t\t\t\t\t\t\t\t<\/div>\n\t\t\t\t<\/div>\n\t\t\t\t\t<\/div>\n\t\t\t\t<\/div>\n\t\t\t\t<\/div>","protected":false},"excerpt":{"rendered":"<p>Op deze Reparatie pagina, vind je contactinformatie voor alle soorten reparaties die je van nut kunnen zijn, zoals reparatie voor je telefoon, auto, scooter, fatbike, wasmachine, televisie, schotel satelliet zenders etc&#8230;\u00a0De Reparatie pagina is nog niet helemaal gevuld, kom gerust weer terug om de update te bekijken, houd onze site in de gaten. TELEFOON REPARATIE [&hellip;]<\/p>\n","protected":false},"author":2,"featured_media":0,"parent":0,"menu_order":0,"comment_status":"closed","ping_status":"closed","template":"","meta":{"footnotes":""},"class_list":["post-9073","page","type-page","status-publish","hentry"],"yoast_head":"<!-- This site is optimized with the Yoast SEO plugin v27.3 - https:\/\/yoast.com\/product\/yoast-seo-wordpress\/ -->\n<title>Reparatie - Mocro Online<\/title>\n<meta name=\"robots\" content=\"index, follow, max-snippet:-1, max-image-preview:large, max-video-preview:-1\" \/>\n<link rel=\"canonical\" href=\"https:\/\/mocroonline.nl\/en\/reparatie\/\" \/>\n<meta property=\"og:locale\" content=\"en_US\" \/>\n<meta property=\"og:type\" content=\"article\" \/>\n<meta property=\"og:title\" content=\"Reparatie - Mocro Online\" \/>\n<meta property=\"og:description\" content=\"Op deze Reparatie pagina, vind je contactinformatie voor alle soorten reparaties die je van nut kunnen zijn, zoals reparatie voor je telefoon, auto, scooter, fatbike, wasmachine, televisie, schotel satelliet zenders etc&#8230;\u00a0De Reparatie pagina is nog niet helemaal gevuld, kom gerust weer terug om de update te bekijken, houd onze site in de gaten. TELEFOON REPARATIE [&hellip;]\" \/>\n<meta property=\"og:url\" content=\"https:\/\/mocroonline.nl\/en\/reparatie\/\" \/>\n<meta property=\"og:site_name\" content=\"Mocro Online\" \/>\n<meta property=\"article:modified_time\" content=\"2026-03-05T19:54:32+00:00\" \/>\n<meta property=\"og:image\" content=\"https:\/\/mocroonline.nl\/wp-content\/uploads\/elementor\/thumbs\/download-29-rjn4escxuf7wm1l2pwnsrfjiuo3qbffagmvsj3fh5s.jpg\" \/>\n<meta name=\"twitter:card\" content=\"summary_large_image\" \/>\n<meta name=\"twitter:label1\" content=\"Est. reading time\" \/>\n\t<meta name=\"twitter:data1\" content=\"2 minutes\" \/>\n<script type=\"application\/ld+json\" class=\"yoast-schema-graph\">{\"@context\":\"https:\\\/\\\/schema.org\",\"@graph\":[{\"@type\":\"WebPage\",\"@id\":\"https:\\\/\\\/mocroonline.nl\\\/reparatie\\\/\",\"url\":\"https:\\\/\\\/mocroonline.nl\\\/reparatie\\\/\",\"name\":\"Reparatie - Mocro Online\",\"isPartOf\":{\"@id\":\"https:\\\/\\\/mocroonline.nl\\\/#website\"},\"primaryImageOfPage\":{\"@id\":\"https:\\\/\\\/mocroonline.nl\\\/reparatie\\\/#primaryimage\"},\"image\":{\"@id\":\"https:\\\/\\\/mocroonline.nl\\\/reparatie\\\/#primaryimage\"},\"thumbnailUrl\":\"https:\\\/\\\/mocroonline.nl\\\/wp-content\\\/uploads\\\/elementor\\\/thumbs\\\/download-29-rjn4escxuf7wm1l2pwnsrfjiuo3qbffagmvsj3fh5s.jpg\",\"datePublished\":\"2026-02-21T20:51:56+00:00\",\"dateModified\":\"2026-03-05T19:54:32+00:00\",\"breadcrumb\":{\"@id\":\"https:\\\/\\\/mocroonline.nl\\\/reparatie\\\/#breadcrumb\"},\"inLanguage\":\"en-US\",\"potentialAction\":[{\"@type\":\"ReadAction\",\"target\":[\"https:\\\/\\\/mocroonline.nl\\\/reparatie\\\/\"]}]},{\"@type\":\"ImageObject\",\"inLanguage\":\"en-US\",\"@id\":\"https:\\\/\\\/mocroonline.nl\\\/reparatie\\\/#primaryimage\",\"url\":\"https:\\\/\\\/mocroonline.nl\\\/wp-content\\\/uploads\\\/elementor\\\/thumbs\\\/download-29-rjn4escxuf7wm1l2pwnsrfjiuo3qbffagmvsj3fh5s.jpg\",\"contentUrl\":\"https:\\\/\\\/mocroonline.nl\\\/wp-content\\\/uploads\\\/elementor\\\/thumbs\\\/download-29-rjn4escxuf7wm1l2pwnsrfjiuo3qbffagmvsj3fh5s.jpg\"},{\"@type\":\"BreadcrumbList\",\"@id\":\"https:\\\/\\\/mocroonline.nl\\\/reparatie\\\/#breadcrumb\",\"itemListElement\":[{\"@type\":\"ListItem\",\"position\":1,\"name\":\"Home\",\"item\":\"https:\\\/\\\/mocroonline.nl\\\/\"},{\"@type\":\"ListItem\",\"position\":2,\"name\":\"Reparatie\"}]},{\"@type\":\"WebSite\",\"@id\":\"https:\\\/\\\/mocroonline.nl\\\/#website\",\"url\":\"https:\\\/\\\/mocroonline.nl\\\/\",\"name\":\"Mocro Online\",\"description\":\"vind je levenspartner op mocroonline.nl\",\"potentialAction\":[{\"@type\":\"SearchAction\",\"target\":{\"@type\":\"EntryPoint\",\"urlTemplate\":\"https:\\\/\\\/mocroonline.nl\\\/?s={search_term_string}\"},\"query-input\":{\"@type\":\"PropertyValueSpecification\",\"valueRequired\":true,\"valueName\":\"search_term_string\"}}],\"inLanguage\":\"en-US\"}]}<\/script>\n<!-- \/ Yoast SEO plugin. -->","yoast_head_json":{"title":"Reparatie - Mocro Online","robots":{"index":"index","follow":"follow","max-snippet":"max-snippet:-1","max-image-preview":"max-image-preview:large","max-video-preview":"max-video-preview:-1"},"canonical":"https:\/\/mocroonline.nl\/en\/reparatie\/","og_locale":"en_US","og_type":"article","og_title":"Reparatie - Mocro Online","og_description":"Op deze Reparatie pagina, vind je contactinformatie voor alle soorten reparaties die je van nut kunnen zijn, zoals reparatie voor je telefoon, auto, scooter, fatbike, wasmachine, televisie, schotel satelliet zenders etc&#8230;\u00a0De Reparatie pagina is nog niet helemaal gevuld, kom gerust weer terug om de update te bekijken, houd onze site in de gaten. TELEFOON REPARATIE [&hellip;]","og_url":"https:\/\/mocroonline.nl\/en\/reparatie\/","og_site_name":"Mocro Online","article_modified_time":"2026-03-05T19:54:32+00:00","og_image":[{"url":"https:\/\/mocroonline.nl\/wp-content\/uploads\/elementor\/thumbs\/download-29-rjn4escxuf7wm1l2pwnsrfjiuo3qbffagmvsj3fh5s.jpg","type":"","width":"","height":""}],"twitter_card":"summary_large_image","twitter_misc":{"Est. reading time":"2 minutes"},"schema":{"@context":"https:\/\/schema.org","@graph":[{"@type":"WebPage","@id":"https:\/\/mocroonline.nl\/reparatie\/","url":"https:\/\/mocroonline.nl\/reparatie\/","name":"Reparatie - Mocro Online","isPartOf":{"@id":"https:\/\/mocroonline.nl\/#website"},"primaryImageOfPage":{"@id":"https:\/\/mocroonline.nl\/reparatie\/#primaryimage"},"image":{"@id":"https:\/\/mocroonline.nl\/reparatie\/#primaryimage"},"thumbnailUrl":"https:\/\/mocroonline.nl\/wp-content\/uploads\/elementor\/thumbs\/download-29-rjn4escxuf7wm1l2pwnsrfjiuo3qbffagmvsj3fh5s.jpg","datePublished":"2026-02-21T20:51:56+00:00","dateModified":"2026-03-05T19:54:32+00:00","breadcrumb":{"@id":"https:\/\/mocroonline.nl\/reparatie\/#breadcrumb"},"inLanguage":"en-US","potentialAction":[{"@type":"ReadAction","target":["https:\/\/mocroonline.nl\/reparatie\/"]}]},{"@type":"ImageObject","inLanguage":"en-US","@id":"https:\/\/mocroonline.nl\/reparatie\/#primaryimage","url":"https:\/\/mocroonline.nl\/wp-content\/uploads\/elementor\/thumbs\/download-29-rjn4escxuf7wm1l2pwnsrfjiuo3qbffagmvsj3fh5s.jpg","contentUrl":"https:\/\/mocroonline.nl\/wp-content\/uploads\/elementor\/thumbs\/download-29-rjn4escxuf7wm1l2pwnsrfjiuo3qbffagmvsj3fh5s.jpg"},{"@type":"BreadcrumbList","@id":"https:\/\/mocroonline.nl\/reparatie\/#breadcrumb","itemListElement":[{"@type":"ListItem","position":1,"name":"Home","item":"https:\/\/mocroonline.nl\/"},{"@type":"ListItem","position":2,"name":"Reparatie"}]},{"@type":"WebSite","@id":"https:\/\/mocroonline.nl\/#website","url":"https:\/\/mocroonline.nl\/","name":"Mocro Online","description":"vind je levenspartner op mocroonline.nl","potentialAction":[{"@type":"SearchAction","target":{"@type":"EntryPoint","urlTemplate":"https:\/\/mocroonline.nl\/?s={search_term_string}"},"query-input":{"@type":"PropertyValueSpecification","valueRequired":true,"valueName":"search_term_string"}}],"inLanguage":"en-US"}]}},"_links":{"self":[{"href":"https:\/\/mocroonline.nl\/en\/wp-json\/wp\/v2\/pages\/9073","targetHints":{"allow":["GET"]}}],"collection":[{"href":"https:\/\/mocroonline.nl\/en\/wp-json\/wp\/v2\/pages"}],"about":[{"href":"https:\/\/mocroonline.nl\/en\/wp-json\/wp\/v2\/types\/page"}],"author":[{"embeddable":true,"href":"https:\/\/mocroonline.nl\/en\/wp-json\/wp\/v2\/users\/2"}],"replies":[{"embeddable":true,"href":"https:\/\/mocroonline.nl\/en\/wp-json\/wp\/v2\/comments?post=9073"}],"version-history":[{"count":0,"href":"https:\/\/mocroonline.nl\/en\/wp-json\/wp\/v2\/pages\/9073\/revisions"}],"wp:attachment":[{"href":"https:\/\/mocroonline.nl\/en\/wp-json\/wp\/v2\/media?parent=9073"}],"curies":[{"name":"wp","href":"https:\/\/api.w.org\/{rel}","templated":true}]}}