{"id":8269,"date":"2026-02-07T18:18:01","date_gmt":"2026-02-07T17:18:01","guid":{"rendered":"https:\/\/mocroonline.nl\/?page_id=8269"},"modified":"2026-02-28T15:07:50","modified_gmt":"2026-02-28T14:07:50","slug":"turkije","status":"publish","type":"page","link":"https:\/\/mocroonline.nl\/en\/turkije\/","title":{"rendered":"Alles over Turkij\u00eb"},"content":{"rendered":"<div data-elementor-type=\"wp-page\" data-elementor-id=\"8269\" class=\"elementor elementor-8269\">\n\t\t\t\t<div class=\"elementor-element elementor-element-5703e16b e-flex e-con-boxed e-con e-parent\" data-id=\"5703e16b\" data-element_type=\"container\" data-e-type=\"container\">\n\t\t\t\t\t<div class=\"e-con-inner\">\n\t\t\t\t<div class=\"elementor-element elementor-element-20c62a6c elementor-widget elementor-widget-text-editor\" data-id=\"20c62a6c\" data-element_type=\"widget\" data-e-type=\"widget\" data-widget_type=\"text-editor.default\">\n\t\t\t\t<div class=\"elementor-widget-container\">\n\t\t\t\t\t\t\t\t\t\n<p>Kom binnenkort terug voor meer.<\/p>\n\t\t\t\t\t\t\t\t<\/div>\n\t\t\t\t<\/div>\n\t\t\t\t\t<\/div>\n\t\t\t\t<\/div>\n\t\t<div class=\"elementor-element elementor-element-460df469 e-grid e-con-boxed e-con e-parent\" data-id=\"460df469\" data-element_type=\"container\" data-e-type=\"container\">\n\t\t\t\t\t<div class=\"e-con-inner\">\n\t\t\t\t<div class=\"elementor-element elementor-element-cad7feb elementor-widget elementor-widget-image\" data-id=\"cad7feb\" data-element_type=\"widget\" data-e-type=\"widget\" data-widget_type=\"image.default\">\n\t\t\t\t<div class=\"elementor-widget-container\">\n\t\t\t\t\t\t\t\t\t\t\t\t<figure class=\"wp-caption\">\n\t\t\t\t\t\t\t\t\t\t\t<a href=\"https:\/\/mocroonline.nl\/en\/turkse-keuken\/\">\n\t\t\t\t\t\t\t<img decoding=\"async\" src=\"https:\/\/mocroonline.nl\/wp-content\/uploads\/elementor\/thumbs\/Nahrstoffreiche-europaische-Mahlzeit-fur-das-tagliche-Wohlbefinden-rjtm39b5qh9adc02sqsat2nx963sv9cmqi0kno6bhc.jpg\" title=\"N\u00e4hrstoffreiche europ\u00e4ische Mahlzeit f\u00fcr das t\u00e4gliche Wohlbefinden\" alt=\"N\u00e4hrstoffreiche europ\u00e4ische Mahlzeit f\u00fcr das t\u00e4gliche Wohlbefinden\" loading=\"lazy\" \/>\t\t\t\t\t\t\t\t<\/a>\n\t\t\t\t\t\t\t\t\t\t\t<figcaption class=\"widget-image-caption wp-caption-text\">TURKSE KEUKEN<\/figcaption>\n\t\t\t\t\t\t\t\t\t\t<\/figure>\n\t\t\t\t\t\t\t\t\t<\/div>\n\t\t\t\t<\/div>\n\t\t\t\t<div class=\"elementor-element elementor-element-223cd414 elementor-widget elementor-widget-image\" data-id=\"223cd414\" data-element_type=\"widget\" data-e-type=\"widget\" data-widget_type=\"image.default\">\n\t\t\t\t<div class=\"elementor-widget-container\">\n\t\t\t\t\t\t\t\t\t\t\t\t<figure class=\"wp-caption\">\n\t\t\t\t\t\t\t\t\t\t\t<a href=\"https:\/\/mocroonline.nl\/en\/turkije-reizen\/\">\n\t\t\t\t\t\t\t<img decoding=\"async\" src=\"https:\/\/mocroonline.nl\/wp-content\/uploads\/elementor\/thumbs\/download-31-rjtm5y4jaextl63g3emvfw8efuulw30zft7l366rog.jpg\" title=\"download (31)\" alt=\"download (31)\" loading=\"lazy\" \/>\t\t\t\t\t\t\t\t<\/a>\n\t\t\t\t\t\t\t\t\t\t\t<figcaption class=\"widget-image-caption wp-caption-text\">TURKIJ\u00cb REIZEN<\/figcaption>\n\t\t\t\t\t\t\t\t\t\t<\/figure>\n\t\t\t\t\t\t\t\t\t<\/div>\n\t\t\t\t<\/div>\n\t\t\t\t<div class=\"elementor-element elementor-element-6d7ba6ff elementor-widget elementor-widget-image\" data-id=\"6d7ba6ff\" data-element_type=\"widget\" data-e-type=\"widget\" data-widget_type=\"image.default\">\n\t\t\t\t<div class=\"elementor-widget-container\">\n\t\t\t\t\t\t\t\t\t\t\t\t<figure class=\"wp-caption\">\n\t\t\t\t\t\t\t\t\t\t\t<a href=\"https:\/\/mocroonline.nl\/en\/turkse-cultuur\/\">\n\t\t\t\t\t\t\t<img decoding=\"async\" src=\"https:\/\/mocroonline.nl\/wp-content\/uploads\/elementor\/thumbs\/Turkish-coffee-with-a-Maidens-Tower-view-Istanbul-rjtm8ugmd0wndvvw65qgmnwkdmkcmhj6u5mhcvw2hs.jpg\" title=\"Turkish coffee with a Maiden\u2019s Tower view, Istanbul\" alt=\"Turkish coffee with a Maiden\u2019s Tower view, Istanbul\" loading=\"lazy\" \/>\t\t\t\t\t\t\t\t<\/a>\n\t\t\t\t\t\t\t\t\t\t\t<figcaption class=\"widget-image-caption wp-caption-text\">TURKSE CULTUUR<\/figcaption>\n\t\t\t\t\t\t\t\t\t\t<\/figure>\n\t\t\t\t\t\t\t\t\t<\/div>\n\t\t\t\t<\/div>\n\t\t\t\t\t<\/div>\n\t\t\t\t<\/div>\n\t\t\t\t<\/div>","protected":false},"excerpt":{"rendered":"<p>Kom binnenkort terug voor meer. TURKSE KEUKEN TURKIJ\u00cb REIZEN TURKSE CULTUUR<\/p>","protected":false},"author":2,"featured_media":0,"parent":0,"menu_order":0,"comment_status":"closed","ping_status":"closed","template":"","meta":{"footnotes":""},"class_list":["post-8269","page","type-page","status-publish","hentry"],"yoast_head":"<!-- This site is optimized with the Yoast SEO plugin v27.3 - https:\/\/yoast.com\/product\/yoast-seo-wordpress\/ -->\n<title>Alles over Turkij\u00eb - Mocro Online<\/title>\n<meta name=\"robots\" content=\"index, follow, max-snippet:-1, max-image-preview:large, max-video-preview:-1\" \/>\n<link rel=\"canonical\" href=\"https:\/\/mocroonline.nl\/en\/turkije\/\" \/>\n<meta property=\"og:locale\" content=\"en_US\" \/>\n<meta property=\"og:type\" content=\"article\" \/>\n<meta property=\"og:title\" content=\"Alles over Turkij\u00eb - Mocro Online\" \/>\n<meta property=\"og:description\" content=\"Kom binnenkort terug voor meer. TURKSE KEUKEN TURKIJ\u00cb REIZEN TURKSE CULTUUR\" \/>\n<meta property=\"og:url\" content=\"https:\/\/mocroonline.nl\/en\/turkije\/\" \/>\n<meta property=\"og:site_name\" content=\"Mocro Online\" \/>\n<meta property=\"article:modified_time\" content=\"2026-02-28T14:07:50+00:00\" \/>\n<meta property=\"og:image\" content=\"https:\/\/mocroonline.nl\/wp-content\/uploads\/elementor\/thumbs\/Nahrstoffreiche-europaische-Mahlzeit-fur-das-tagliche-Wohlbefinden-rjtm39b5qh9adc02sqsat2nx963sv9cmqi0kno6bhc.jpg\" \/>\n<meta name=\"twitter:card\" content=\"summary_large_image\" \/>\n<meta name=\"twitter:label1\" content=\"Est. reading time\" \/>\n\t<meta name=\"twitter:data1\" content=\"1 minute\" \/>\n<script type=\"application\/ld+json\" class=\"yoast-schema-graph\">{\"@context\":\"https:\\\/\\\/schema.org\",\"@graph\":[{\"@type\":\"WebPage\",\"@id\":\"https:\\\/\\\/mocroonline.nl\\\/turkije\\\/\",\"url\":\"https:\\\/\\\/mocroonline.nl\\\/turkije\\\/\",\"name\":\"Alles over Turkij\u00eb - Mocro Online\",\"isPartOf\":{\"@id\":\"https:\\\/\\\/mocroonline.nl\\\/#website\"},\"primaryImageOfPage\":{\"@id\":\"https:\\\/\\\/mocroonline.nl\\\/turkije\\\/#primaryimage\"},\"image\":{\"@id\":\"https:\\\/\\\/mocroonline.nl\\\/turkije\\\/#primaryimage\"},\"thumbnailUrl\":\"https:\\\/\\\/mocroonline.nl\\\/wp-content\\\/uploads\\\/elementor\\\/thumbs\\\/Nahrstoffreiche-europaische-Mahlzeit-fur-das-tagliche-Wohlbefinden-rjtm39b5qh9adc02sqsat2nx963sv9cmqi0kno6bhc.jpg\",\"datePublished\":\"2026-02-07T17:18:01+00:00\",\"dateModified\":\"2026-02-28T14:07:50+00:00\",\"breadcrumb\":{\"@id\":\"https:\\\/\\\/mocroonline.nl\\\/turkije\\\/#breadcrumb\"},\"inLanguage\":\"en-US\",\"potentialAction\":[{\"@type\":\"ReadAction\",\"target\":[\"https:\\\/\\\/mocroonline.nl\\\/turkije\\\/\"]}]},{\"@type\":\"ImageObject\",\"inLanguage\":\"en-US\",\"@id\":\"https:\\\/\\\/mocroonline.nl\\\/turkije\\\/#primaryimage\",\"url\":\"https:\\\/\\\/mocroonline.nl\\\/wp-content\\\/uploads\\\/elementor\\\/thumbs\\\/Nahrstoffreiche-europaische-Mahlzeit-fur-das-tagliche-Wohlbefinden-rjtm39b5qh9adc02sqsat2nx963sv9cmqi0kno6bhc.jpg\",\"contentUrl\":\"https:\\\/\\\/mocroonline.nl\\\/wp-content\\\/uploads\\\/elementor\\\/thumbs\\\/Nahrstoffreiche-europaische-Mahlzeit-fur-das-tagliche-Wohlbefinden-rjtm39b5qh9adc02sqsat2nx963sv9cmqi0kno6bhc.jpg\"},{\"@type\":\"BreadcrumbList\",\"@id\":\"https:\\\/\\\/mocroonline.nl\\\/turkije\\\/#breadcrumb\",\"itemListElement\":[{\"@type\":\"ListItem\",\"position\":1,\"name\":\"Home\",\"item\":\"https:\\\/\\\/mocroonline.nl\\\/\"},{\"@type\":\"ListItem\",\"position\":2,\"name\":\"Alles over Turkij\u00eb\"}]},{\"@type\":\"WebSite\",\"@id\":\"https:\\\/\\\/mocroonline.nl\\\/#website\",\"url\":\"https:\\\/\\\/mocroonline.nl\\\/\",\"name\":\"Mocro Online\",\"description\":\"vind je levenspartner op mocroonline.nl\",\"potentialAction\":[{\"@type\":\"SearchAction\",\"target\":{\"@type\":\"EntryPoint\",\"urlTemplate\":\"https:\\\/\\\/mocroonline.nl\\\/?s={search_term_string}\"},\"query-input\":{\"@type\":\"PropertyValueSpecification\",\"valueRequired\":true,\"valueName\":\"search_term_string\"}}],\"inLanguage\":\"en-US\"}]}<\/script>\n<!-- \/ Yoast SEO plugin. -->","yoast_head_json":{"title":"Alles over Turkij\u00eb - Mocro Online","robots":{"index":"index","follow":"follow","max-snippet":"max-snippet:-1","max-image-preview":"max-image-preview:large","max-video-preview":"max-video-preview:-1"},"canonical":"https:\/\/mocroonline.nl\/en\/turkije\/","og_locale":"en_US","og_type":"article","og_title":"Alles over Turkij\u00eb - Mocro Online","og_description":"Kom binnenkort terug voor meer. TURKSE KEUKEN TURKIJ\u00cb REIZEN TURKSE CULTUUR","og_url":"https:\/\/mocroonline.nl\/en\/turkije\/","og_site_name":"Mocro Online","article_modified_time":"2026-02-28T14:07:50+00:00","og_image":[{"url":"https:\/\/mocroonline.nl\/wp-content\/uploads\/elementor\/thumbs\/Nahrstoffreiche-europaische-Mahlzeit-fur-das-tagliche-Wohlbefinden-rjtm39b5qh9adc02sqsat2nx963sv9cmqi0kno6bhc.jpg","type":"","width":"","height":""}],"twitter_card":"summary_large_image","twitter_misc":{"Est. reading time":"1 minute"},"schema":{"@context":"https:\/\/schema.org","@graph":[{"@type":"WebPage","@id":"https:\/\/mocroonline.nl\/turkije\/","url":"https:\/\/mocroonline.nl\/turkije\/","name":"Alles over Turkij\u00eb - Mocro Online","isPartOf":{"@id":"https:\/\/mocroonline.nl\/#website"},"primaryImageOfPage":{"@id":"https:\/\/mocroonline.nl\/turkije\/#primaryimage"},"image":{"@id":"https:\/\/mocroonline.nl\/turkije\/#primaryimage"},"thumbnailUrl":"https:\/\/mocroonline.nl\/wp-content\/uploads\/elementor\/thumbs\/Nahrstoffreiche-europaische-Mahlzeit-fur-das-tagliche-Wohlbefinden-rjtm39b5qh9adc02sqsat2nx963sv9cmqi0kno6bhc.jpg","datePublished":"2026-02-07T17:18:01+00:00","dateModified":"2026-02-28T14:07:50+00:00","breadcrumb":{"@id":"https:\/\/mocroonline.nl\/turkije\/#breadcrumb"},"inLanguage":"en-US","potentialAction":[{"@type":"ReadAction","target":["https:\/\/mocroonline.nl\/turkije\/"]}]},{"@type":"ImageObject","inLanguage":"en-US","@id":"https:\/\/mocroonline.nl\/turkije\/#primaryimage","url":"https:\/\/mocroonline.nl\/wp-content\/uploads\/elementor\/thumbs\/Nahrstoffreiche-europaische-Mahlzeit-fur-das-tagliche-Wohlbefinden-rjtm39b5qh9adc02sqsat2nx963sv9cmqi0kno6bhc.jpg","contentUrl":"https:\/\/mocroonline.nl\/wp-content\/uploads\/elementor\/thumbs\/Nahrstoffreiche-europaische-Mahlzeit-fur-das-tagliche-Wohlbefinden-rjtm39b5qh9adc02sqsat2nx963sv9cmqi0kno6bhc.jpg"},{"@type":"BreadcrumbList","@id":"https:\/\/mocroonline.nl\/turkije\/#breadcrumb","itemListElement":[{"@type":"ListItem","position":1,"name":"Home","item":"https:\/\/mocroonline.nl\/"},{"@type":"ListItem","position":2,"name":"Alles over Turkij\u00eb"}]},{"@type":"WebSite","@id":"https:\/\/mocroonline.nl\/#website","url":"https:\/\/mocroonline.nl\/","name":"Mocro Online","description":"vind je levenspartner op mocroonline.nl","potentialAction":[{"@type":"SearchAction","target":{"@type":"EntryPoint","urlTemplate":"https:\/\/mocroonline.nl\/?s={search_term_string}"},"query-input":{"@type":"PropertyValueSpecification","valueRequired":true,"valueName":"search_term_string"}}],"inLanguage":"en-US"}]}},"_links":{"self":[{"href":"https:\/\/mocroonline.nl\/en\/wp-json\/wp\/v2\/pages\/8269","targetHints":{"allow":["GET"]}}],"collection":[{"href":"https:\/\/mocroonline.nl\/en\/wp-json\/wp\/v2\/pages"}],"about":[{"href":"https:\/\/mocroonline.nl\/en\/wp-json\/wp\/v2\/types\/page"}],"author":[{"embeddable":true,"href":"https:\/\/mocroonline.nl\/en\/wp-json\/wp\/v2\/users\/2"}],"replies":[{"embeddable":true,"href":"https:\/\/mocroonline.nl\/en\/wp-json\/wp\/v2\/comments?post=8269"}],"version-history":[{"count":0,"href":"https:\/\/mocroonline.nl\/en\/wp-json\/wp\/v2\/pages\/8269\/revisions"}],"wp:attachment":[{"href":"https:\/\/mocroonline.nl\/en\/wp-json\/wp\/v2\/media?parent=8269"}],"curies":[{"name":"wp","href":"https:\/\/api.w.org\/{rel}","templated":true}]}}